{"id":11,"date":"2019-03-27T18:30:59","date_gmt":"2019-03-27T21:30:59","guid":{"rendered":"http:\/\/icfe.com.ar\/novedades\/?page_id=11"},"modified":"2019-04-29T16:58:37","modified_gmt":"2019-04-29T19:58:37","slug":"nuestras-actividades","status":"publish","type":"page","link":"https:\/\/icfe.com.ar\/novedades\/nuestras-actividades\/","title":{"rendered":"nuestras actividades"},"content":{"rendered":"\n<p style=\"color:#fffef8;font-size:17px\" class=\"has-text-color\">&#8220;Culto&#8221;. expresi\u00f3n de devoci\u00f3n por la que cada creyente (con actitud reverente) tributa adoraci\u00f3n y exaltaci\u00f3n a Dios, mediante Jesucristo y con la asistencia del Esp\u00edritu Santo; brind\u00e1ndole toda la gloria, el honor, la gratitud, y el reconocimiento por lo que \u00c9l es en s\u00ed mismo. <\/p>\n\n\n\n<p style=\"color:#686856;font-size:17px\" class=\"has-text-color\">[CULTO DE ORACI\u00d3N]<br>Mi\u00e9rcoles 19:30 hs.<br><br>[REUNI\u00d3N DE MUJERES]<br>Martes 15:30 hs.<br><br>[REUNI\u00d3N DE MIES] -predio Ucrania 660-.<br>S\u00e1bados 17 hs.<br><br>[CULTO DE ORACI\u00d3N Y PREDICACI\u00d3N]<br>S\u00e1bados 19:30 hs. y Domingos 10 hs.<\/p>\n","protected":false},"excerpt":{"rendered":"<p>&#8220;Culto&#8221;. expresi\u00f3n de devoci\u00f3n por la que cada creyente (con actitud reverente) tributa adoraci\u00f3n y exaltaci\u00f3n a Dios, mediante Jesucristo y con la asistencia del Esp\u00edritu Santo; brind\u00e1ndole toda la gloria, el honor, la gratitud, y el reconocimiento por lo que \u00c9l es en s\u00ed mismo. [CULTO DE ORACI\u00d3N]Mi\u00e9rcoles 19:30 hs. [REUNI\u00d3N DE MUJERES]Martes 15:30 [&hellip;]<\/p>\n","protected":false},"author":2,"featured_media":0,"parent":0,"menu_order":0,"comment_status":"closed","ping_status":"closed","template":"","meta":{"footnotes":""},"class_list":["post-11","page","type-page","status-publish","hentry"],"yoast_head":"<!-- This site is optimized with the Yoast SEO plugin v27.5 - https:\/\/yoast.com\/product\/yoast-seo-wordpress\/ -->\n<title>nuestras actividades - [NOVEDADES]<\/title>\n<meta name=\"robots\" content=\"index, follow, max-snippet:-1, max-image-preview:large, max-video-preview:-1\" \/>\n<link rel=\"canonical\" href=\"https:\/\/icfe.com.ar\/novedades\/nuestras-actividades\/\" \/>\n<meta property=\"og:locale\" content=\"es_ES\" \/>\n<meta property=\"og:type\" content=\"article\" \/>\n<meta property=\"og:title\" content=\"nuestras actividades - [NOVEDADES]\" \/>\n<meta property=\"og:description\" content=\"&#8220;Culto&#8221;. expresi\u00f3n de devoci\u00f3n por la que cada creyente (con actitud reverente) tributa adoraci\u00f3n y exaltaci\u00f3n a Dios, mediante Jesucristo y con la asistencia del Esp\u00edritu Santo; brind\u00e1ndole toda la gloria, el honor, la gratitud, y el reconocimiento por lo que \u00c9l es en s\u00ed mismo. [CULTO DE ORACI\u00d3N]Mi\u00e9rcoles 19:30 hs. [REUNI\u00d3N DE MUJERES]Martes 15:30 [&hellip;]\" \/>\n<meta property=\"og:url\" content=\"https:\/\/icfe.com.ar\/novedades\/nuestras-actividades\/\" \/>\n<meta property=\"og:site_name\" content=\"[NOVEDADES]\" \/>\n<meta property=\"article:publisher\" content=\"http:\/\/www.facebook.com\/icfe2.llavallol\" \/>\n<meta property=\"article:modified_time\" content=\"2019-04-29T19:58:37+00:00\" \/>\n<meta name=\"twitter:card\" content=\"summary_large_image\" \/>\n<script type=\"application\/ld+json\" class=\"yoast-schema-graph\">{\"@context\":\"https:\\\/\\\/schema.org\",\"@graph\":[{\"@type\":\"WebPage\",\"@id\":\"https:\\\/\\\/icfe.com.ar\\\/novedades\\\/nuestras-actividades\\\/\",\"url\":\"https:\\\/\\\/icfe.com.ar\\\/novedades\\\/nuestras-actividades\\\/\",\"name\":\"nuestras actividades - [NOVEDADES]\",\"isPartOf\":{\"@id\":\"https:\\\/\\\/icfe.com.ar\\\/novedades\\\/#website\"},\"datePublished\":\"2019-03-27T21:30:59+00:00\",\"dateModified\":\"2019-04-29T19:58:37+00:00\",\"breadcrumb\":{\"@id\":\"https:\\\/\\\/icfe.com.ar\\\/novedades\\\/nuestras-actividades\\\/#breadcrumb\"},\"inLanguage\":\"es-AR\",\"potentialAction\":[{\"@type\":\"ReadAction\",\"target\":[\"https:\\\/\\\/icfe.com.ar\\\/novedades\\\/nuestras-actividades\\\/\"]}]},{\"@type\":\"BreadcrumbList\",\"@id\":\"https:\\\/\\\/icfe.com.ar\\\/novedades\\\/nuestras-actividades\\\/#breadcrumb\",\"itemListElement\":[{\"@type\":\"ListItem\",\"position\":1,\"name\":\"Inicio\",\"item\":\"https:\\\/\\\/icfe.com.ar\\\/novedades\\\/\"},{\"@type\":\"ListItem\",\"position\":2,\"name\":\"nuestras actividades\"}]},{\"@type\":\"WebSite\",\"@id\":\"https:\\\/\\\/icfe.com.ar\\\/novedades\\\/#website\",\"url\":\"https:\\\/\\\/icfe.com.ar\\\/novedades\\\/\",\"name\":\"[NOVEDADES]\",\"description\":\"\",\"potentialAction\":[{\"@type\":\"SearchAction\",\"target\":{\"@type\":\"EntryPoint\",\"urlTemplate\":\"https:\\\/\\\/icfe.com.ar\\\/novedades\\\/?s={search_term_string}\"},\"query-input\":{\"@type\":\"PropertyValueSpecification\",\"valueRequired\":true,\"valueName\":\"search_term_string\"}}],\"inLanguage\":\"es-AR\"}]}<\/script>\n<!-- \/ Yoast SEO plugin. -->","yoast_head_json":{"title":"nuestras actividades - [NOVEDADES]","robots":{"index":"index","follow":"follow","max-snippet":"max-snippet:-1","max-image-preview":"max-image-preview:large","max-video-preview":"max-video-preview:-1"},"canonical":"https:\/\/icfe.com.ar\/novedades\/nuestras-actividades\/","og_locale":"es_ES","og_type":"article","og_title":"nuestras actividades - [NOVEDADES]","og_description":"&#8220;Culto&#8221;. expresi\u00f3n de devoci\u00f3n por la que cada creyente (con actitud reverente) tributa adoraci\u00f3n y exaltaci\u00f3n a Dios, mediante Jesucristo y con la asistencia del Esp\u00edritu Santo; brind\u00e1ndole toda la gloria, el honor, la gratitud, y el reconocimiento por lo que \u00c9l es en s\u00ed mismo. [CULTO DE ORACI\u00d3N]Mi\u00e9rcoles 19:30 hs. [REUNI\u00d3N DE MUJERES]Martes 15:30 [&hellip;]","og_url":"https:\/\/icfe.com.ar\/novedades\/nuestras-actividades\/","og_site_name":"[NOVEDADES]","article_publisher":"http:\/\/www.facebook.com\/icfe2.llavallol","article_modified_time":"2019-04-29T19:58:37+00:00","twitter_card":"summary_large_image","schema":{"@context":"https:\/\/schema.org","@graph":[{"@type":"WebPage","@id":"https:\/\/icfe.com.ar\/novedades\/nuestras-actividades\/","url":"https:\/\/icfe.com.ar\/novedades\/nuestras-actividades\/","name":"nuestras actividades - [NOVEDADES]","isPartOf":{"@id":"https:\/\/icfe.com.ar\/novedades\/#website"},"datePublished":"2019-03-27T21:30:59+00:00","dateModified":"2019-04-29T19:58:37+00:00","breadcrumb":{"@id":"https:\/\/icfe.com.ar\/novedades\/nuestras-actividades\/#breadcrumb"},"inLanguage":"es-AR","potentialAction":[{"@type":"ReadAction","target":["https:\/\/icfe.com.ar\/novedades\/nuestras-actividades\/"]}]},{"@type":"BreadcrumbList","@id":"https:\/\/icfe.com.ar\/novedades\/nuestras-actividades\/#breadcrumb","itemListElement":[{"@type":"ListItem","position":1,"name":"Inicio","item":"https:\/\/icfe.com.ar\/novedades\/"},{"@type":"ListItem","position":2,"name":"nuestras actividades"}]},{"@type":"WebSite","@id":"https:\/\/icfe.com.ar\/novedades\/#website","url":"https:\/\/icfe.com.ar\/novedades\/","name":"[NOVEDADES]","description":"","potentialAction":[{"@type":"SearchAction","target":{"@type":"EntryPoint","urlTemplate":"https:\/\/icfe.com.ar\/novedades\/?s={search_term_string}"},"query-input":{"@type":"PropertyValueSpecification","valueRequired":true,"valueName":"search_term_string"}}],"inLanguage":"es-AR"}]}},"_links":{"self":[{"href":"https:\/\/icfe.com.ar\/novedades\/wp-json\/wp\/v2\/pages\/11","targetHints":{"allow":["GET"]}}],"collection":[{"href":"https:\/\/icfe.com.ar\/novedades\/wp-json\/wp\/v2\/pages"}],"about":[{"href":"https:\/\/icfe.com.ar\/novedades\/wp-json\/wp\/v2\/types\/page"}],"author":[{"embeddable":true,"href":"https:\/\/icfe.com.ar\/novedades\/wp-json\/wp\/v2\/users\/2"}],"replies":[{"embeddable":true,"href":"https:\/\/icfe.com.ar\/novedades\/wp-json\/wp\/v2\/comments?post=11"}],"version-history":[{"count":17,"href":"https:\/\/icfe.com.ar\/novedades\/wp-json\/wp\/v2\/pages\/11\/revisions"}],"predecessor-version":[{"id":137,"href":"https:\/\/icfe.com.ar\/novedades\/wp-json\/wp\/v2\/pages\/11\/revisions\/137"}],"wp:attachment":[{"href":"https:\/\/icfe.com.ar\/novedades\/wp-json\/wp\/v2\/media?parent=11"}],"curies":[{"name":"wp","href":"https:\/\/api.w.org\/{rel}","templated":true}]}}